{"id":1688,"date":"2023-01-02T22:35:52","date_gmt":"2023-01-02T21:35:52","guid":{"rendered":"https:\/\/darc-a24.de\/?page_id=1688"},"modified":"2025-11-27T08:57:33","modified_gmt":"2025-11-27T07:57:33","slug":"dmr-relais-db0etl","status":"publish","type":"page","link":"https:\/\/darc-a24.de\/?page_id=1688","title":{"rendered":"DMR-Relais DB0ETL"},"content":{"rendered":"\n<p><\/p>\n\n\n\n<p>Seit 2. Januar 2023 ist das A24 DMR-Relais DB0ETL in der Luft.<br>DB0ETL ist ein Solar-Relais und bezieht seinen gesamten Betriebsstrom aus Solarzellen, gepuffert durch einen Akku.<\/p>\n\n\n\n<p>Standort ist der Robberg bei Ettlingen, das Ausleuchtungsgebiet die Rheinebene zwischen Karlsruhe und Rastatt.<\/p>\n\n\n\n<p>Sendefrequenz 438.4875MHz, Empfangsfrequenz 430.8875MHz, Brandmeister-ID 262115, CC1, TS1 und TS2 aktiv.<\/p>\n\n\n\n<p>Die Sendeleistung betr\u00e4gt 5W an einer vertikal polarisierten Rundstrahlantenne.<\/p>\n\n\n\n<p>Nachdem immer mehr OV-Mitglieder in DMR qrv geworden waren, wurde bem\u00e4ngelt, dass der Zugang ins Brandmeister-Netz vielerorts nur \u00fcber Hotspots m\u00f6glich ist.<\/p>\n\n\n\n<p>Mit DB0ETL wird nun die Versorgungsl\u00fccke zwischen den Relais DB0UX und DB0BH geschlossen.<\/p>\n\n\n\n<p>Mni tnx an alle Beteiligten, insbesondere an Ralf DG3IAM und Joachim DO6JSA !<\/p>\n\n\n\n<p><strong>Tips zum Betrieb \u00fcber DB0ETL<\/strong>:<br>Seit 13.01.2023 befinden wir uns im lokalen Relaisverbund mit den DMR Nachbar-Relais und haben die Belegung der Zeitschlitze mit deren Belegung harmonisiert. <br>Damit ist der Zeitschlitz 1 mit der TG9112 (Notrufe), der TG26271 (Baden) und der TG26277 (S\u00fcdbaden-Rundspruch, tempor\u00e4r So. 8.30 &#8211; 11.00 Ortszeit) belegt.<br>Auf dem Zeitschlitz 2 ist die TG8 (Regional) statisch angelegt. Diese wiederum f\u00fchrt auf die TG26275 (Schwarzwald-Nord). <br>Die meisten A24 Stationen treffen sich \u00fcblicherweise in der o.g. TG26275. Es wird empfohlen, dazu die Ger\u00e4te auf TG8 einzustellen und <em>nicht<\/em> direkt auf TG26275. Vorteile ergeben sich u.a. beim Roaming.<br>Wer nur auf DB0ETL bleiben will, sollte die TG9 (local) einstellen oder alternativ die TG262115 (ID des Relais) w\u00e4hlen. Damit erreicht man aber nur diejenigen, die auf dem betreffenden Zeitschlitz auch zuh\u00f6ren.<br>Wenn Ihr eine der o.g. TGs erreichen wollt, w\u00e4hlt bitte den dazugeh\u00f6renden Zeitschlitz, sonst f\u00fchrt das zu einer Doppel-Belegung.<br>Wollt Ihr eine andere TG erreichen, tut dies bitte bevorzugt \u00fcber den Zeitschlitz 2 und sendet kurz nach Eurem QSO dann auf der TG4000 (&#8222;TG abwerfen&#8220;), damit der Zeitschlitz wieder sicher frei wird.<\/p>\n\n\n\n<p>Inzwischen ist auch ein Empfangs-Vorverst\u00e4rker mit 15dB Verst\u00e4rkung und Rauschma\u00df unter 1dB installiert. Dadurch konnte die Empfindlichkeit des Relais sp\u00fcrbar verbessert werden, so dass man nun weniger Sendeleistung ben\u00f6tigt, um \u00fcbers Relais zu kommen.<\/p>\n\n\n\n<p><em>Hinweis<\/em>: In der dunklen Jahreszeit, also in etwa November-Januar, ist der Stromeintrag durch die Solarzelle oft geringer als der Verbrauch. Dann kann es passieren, dass der Akku leerl\u00e4uft und sich das Relais abschaltet. Abhilfe schafft in dem Fall spontan nur ein Austausch des leeren gegen einen vollen Akku, was aber m\u00fchsam und zeitaufwendig ist (tnx DO6JSA und DG3IAM !).<\/p>\n\n\n\n<p>73, <\/p>\n\n\n\n<p>Dominik DF4IAO<\/p>\n\n\n\n<p><\/p>\n\n\n\n<p><\/p>\n\n\n\n<figure class=\"wp-block-image is-resized\"><img decoding=\"async\" src=\"https:\/\/darc-a24.de\/wp-content\/uploads\/2023\/01\/Ausleuchtung_DB0ETL-1024x389.png\" alt=\"\" style=\"width:1322px;height:501px\"\/><figcaption class=\"wp-element-caption\">Ausleuchtung von DB0ETL<\/figcaption><\/figure>\n","protected":false},"excerpt":{"rendered":"<p>Seit 2. Januar 2023 ist das A24 DMR-Relais DB0ETL in der Luft.DB0ETL ist ein Solar-Relais und bezieht seinen gesamten Betriebsstrom aus Solarzellen, gepuffert durch einen Akku. Standort ist der Robberg &hellip; <a href=\"https:\/\/darc-a24.de\/?page_id=1688\" class=\"more-link\"><span class=\"screen-reader-text\">DMR-Relais DB0ETL<\/span> weiterlesen <span class=\"meta-nav\">&rarr;<\/span><\/a><\/p>\n","protected":false},"author":1,"featured_media":0,"parent":0,"menu_order":0,"comment_status":"closed","ping_status":"closed","template":"","meta":{"footnotes":""},"class_list":["post-1688","page","type-page","status-publish","hentry"],"_links":{"self":[{"href":"https:\/\/darc-a24.de\/index.php?rest_route=\/wp\/v2\/pages\/1688","targetHints":{"allow":["GET"]}}],"collection":[{"href":"https:\/\/darc-a24.de\/index.php?rest_route=\/wp\/v2\/pages"}],"about":[{"href":"https:\/\/darc-a24.de\/index.php?rest_route=\/wp\/v2\/types\/page"}],"author":[{"embeddable":true,"href":"https:\/\/darc-a24.de\/index.php?rest_route=\/wp\/v2\/users\/1"}],"replies":[{"embeddable":true,"href":"https:\/\/darc-a24.de\/index.php?rest_route=%2Fwp%2Fv2%2Fcomments&post=1688"}],"version-history":[{"count":14,"href":"https:\/\/darc-a24.de\/index.php?rest_route=\/wp\/v2\/pages\/1688\/revisions"}],"predecessor-version":[{"id":2208,"href":"https:\/\/darc-a24.de\/index.php?rest_route=\/wp\/v2\/pages\/1688\/revisions\/2208"}],"wp:attachment":[{"href":"https:\/\/darc-a24.de\/index.php?rest_route=%2Fwp%2Fv2%2Fmedia&parent=1688"}],"curies":[{"name":"wp","href":"https:\/\/api.w.org\/{rel}","templated":true}]}}