{"id":18,"date":"2016-05-26T05:41:41","date_gmt":"2016-05-26T05:41:41","guid":{"rendered":"http:\/\/darc-a24.de\/?page_id=18"},"modified":"2025-04-18T08:55:56","modified_gmt":"2025-04-18T06:55:56","slug":"vorstand","status":"publish","type":"page","link":"https:\/\/darc-a24.de\/?page_id=18","title":{"rendered":"Vorstand"},"content":{"rendered":"<p><strong>Vorsitzender (OVV):<\/strong><br \/>\nWolfgang Th\u00e4mer, DF2IY<\/p>\n<p><strong>Stellv. Vorsitzende:<\/strong><br \/>\nDominik Strolz, DF4IAO<br \/>\nRalf Herold, DG3IAM<\/p>\n<p><strong>Kassierer:<\/strong><br \/>\nHerbert K\u00f6lbl, DK8IP<\/p>\n<p><strong>QSL-Vermittlung und Schriftf\u00fchrer:<\/strong><br \/>\nMike Stefanski, DF2IAX<\/p>\n<p><strong>Contestmanager:<\/strong><br \/>\nWinfried Kriegl, DK9IP<\/p>\n","protected":false},"excerpt":{"rendered":"<p>Vorsitzender (OVV): Wolfgang Th\u00e4mer, DF2IY Stellv. Vorsitzende: Dominik Strolz, DF4IAO Ralf Herold, DG3IAM Kassierer: Herbert K\u00f6lbl, DK8IP QSL-Vermittlung und Schriftf\u00fchrer: Mike Stefanski, DF2IAX Contestmanager: Winfried Kriegl, DK9IP<\/p>\n","protected":false},"author":1,"featured_media":0,"parent":16,"menu_order":0,"comment_status":"closed","ping_status":"closed","template":"","meta":{"footnotes":""},"class_list":["post-18","page","type-page","status-publish","hentry"],"_links":{"self":[{"href":"https:\/\/darc-a24.de\/index.php?rest_route=\/wp\/v2\/pages\/18","targetHints":{"allow":["GET"]}}],"collection":[{"href":"https:\/\/darc-a24.de\/index.php?rest_route=\/wp\/v2\/pages"}],"about":[{"href":"https:\/\/darc-a24.de\/index.php?rest_route=\/wp\/v2\/types\/page"}],"author":[{"embeddable":true,"href":"https:\/\/darc-a24.de\/index.php?rest_route=\/wp\/v2\/users\/1"}],"replies":[{"embeddable":true,"href":"https:\/\/darc-a24.de\/index.php?rest_route=%2Fwp%2Fv2%2Fcomments&post=18"}],"version-history":[{"count":10,"href":"https:\/\/darc-a24.de\/index.php?rest_route=\/wp\/v2\/pages\/18\/revisions"}],"predecessor-version":[{"id":2157,"href":"https:\/\/darc-a24.de\/index.php?rest_route=\/wp\/v2\/pages\/18\/revisions\/2157"}],"up":[{"embeddable":true,"href":"https:\/\/darc-a24.de\/index.php?rest_route=\/wp\/v2\/pages\/16"}],"wp:attachment":[{"href":"https:\/\/darc-a24.de\/index.php?rest_route=%2Fwp%2Fv2%2Fmedia&parent=18"}],"curies":[{"name":"wp","href":"https:\/\/api.w.org\/{rel}","templated":true}]}}